{"id":47,"date":"2023-02-16T14:41:05","date_gmt":"2023-02-16T13:41:05","guid":{"rendered":"https:\/\/gfk-monitor.de\/?page_id=47"},"modified":"2023-03-10T16:24:51","modified_gmt":"2023-03-10T15:24:51","slug":"ueber-gfk-monitor","status":"publish","type":"page","link":"https:\/\/gfk-monitor.de\/en\/ueber-gfk-monitor\/","title":{"rendered":"About GFK-Monitor"},"content":{"rendered":"<h2 class=\"wp-block-heading\" id=\"Projektrahmen\">Project framework<\/h2>\n\n\n\n<div class=\"wp-block-columns is-layout-flex wp-container-core-columns-is-layout-9d6595d7 wp-block-columns-is-layout-flex\">\n<div class=\"wp-block-column is-layout-flow wp-block-column-is-layout-flow\">\n<p>In order to achieve the specified climate protection targets, a major reduction in greenhouse gas (GHG) emissions is necessary in Germany. A major lever for reduction exists in the heating supply sector, with district heating networks being accorded a significant role. Recent studies indicate that the transformation of the heating market towards a climate-neutral supply, especially in metropolitan areas, can only be achieved by expanding heating networks with \"green\" district heating (Agora, 2017; R\u00f6dl Consulting AG, 2019; Heumann &amp; Huenges, 2018). Deep geothermal energy thus has a central role to play in decarbonizing district heating, as it has the best net avoidance factor of all renewable heat technologies in terms of specific greenhouse gas emissions (UBA, 2019). The technically usable potential of deep geothermal energy must therefore be exploited significantly more to achieve the climate protection targets (Agora, 2017). <\/p>\n\n\n\n<p>However, various challenges still stand in the way of the necessary expansion. In principle, the relatively high investment costs mean that the financial risk for investors and municipalities in implementing deep geothermal projects is high. Therefore, especially for the operators of a geothermal plant, careful project planning, high forecasting, production and operational reliability, as well as sustainable management of the reservoir are important to ensure an economically and ecologically efficient use of deep geothermal energy. In addition to the economic aspects, the sustainable and careful management of the reservoir is increasingly coming to the fore, not least to bring about an increased acceptance of this key technology among the population. However, comprehensive monitoring of the geothermal plant and the used reservoir is absolutely necessary to increase production and operational safety as well as acceptance, which is also increasingly demanded by the authorities. <\/p>\n\n\n\n<figure class=\"wp-block-gallery has-nested-images columns-default is-cropped wp-block-gallery-1 is-layout-flex wp-block-gallery-is-layout-flex\">\n<figure class=\"wp-block-image size-large\"><img loading=\"lazy\" decoding=\"async\" width=\"818\" height=\"954\" data-id=\"142\" src=\"https:\/\/gfk-monitor.de\/wp-content\/uploads\/2023\/02\/SLS_Poster-1.png\" alt=\"\" class=\"wp-image-142\" srcset=\"https:\/\/gfk-monitor.de\/wp-content\/uploads\/2023\/02\/SLS_Poster-1.png 818w, https:\/\/gfk-monitor.de\/wp-content\/uploads\/2023\/02\/SLS_Poster-1-257x300.png 257w, https:\/\/gfk-monitor.de\/wp-content\/uploads\/2023\/02\/SLS_Poster-1-768x896.png 768w, https:\/\/gfk-monitor.de\/wp-content\/uploads\/2023\/02\/SLS_Poster-1-10x12.png 10w, https:\/\/gfk-monitor.de\/wp-content\/uploads\/2023\/02\/SLS_Poster-1-99x116.png 99w\" sizes=\"auto, (max-width: 818px) 100vw, 818px\" \/><figcaption class=\"wp-element-caption\">Sketch of the deep geothermal wells in Sendling, Munich with installed fiber optic cable in well Th4 (source: Felix Sch\u00f6lderle).<\/figcaption><\/figure>\n\n\n\n<figure class=\"wp-block-image size-large\"><img loading=\"lazy\" decoding=\"async\" width=\"719\" height=\"1024\" data-id=\"225\" src=\"https:\/\/gfk-monitor.de\/wp-content\/uploads\/2023\/02\/P1140391-719x1024.jpg\" alt=\"\" class=\"wp-image-225\" srcset=\"https:\/\/gfk-monitor.de\/wp-content\/uploads\/2023\/02\/P1140391-719x1024.jpg 719w, https:\/\/gfk-monitor.de\/wp-content\/uploads\/2023\/02\/P1140391-211x300.jpg 211w, https:\/\/gfk-monitor.de\/wp-content\/uploads\/2023\/02\/P1140391-768x1094.jpg 768w, https:\/\/gfk-monitor.de\/wp-content\/uploads\/2023\/02\/P1140391-1078x1536.jpg 1078w, https:\/\/gfk-monitor.de\/wp-content\/uploads\/2023\/02\/P1140391-1437x2048.jpg 1437w, https:\/\/gfk-monitor.de\/wp-content\/uploads\/2023\/02\/P1140391-8x12.jpg 8w, https:\/\/gfk-monitor.de\/wp-content\/uploads\/2023\/02\/P1140391-81x116.jpg 81w, https:\/\/gfk-monitor.de\/wp-content\/uploads\/2023\/02\/P1140391-scaled.jpg 1797w\" sizes=\"auto, (max-width: 719px) 100vw, 719px\" \/><figcaption class=\"wp-element-caption\">Installation of the fiber optic cable in the Th4 borehole (source: Felix Sch\u00f6lderle).<\/figcaption><\/figure>\n<\/figure>\n<\/div>\n<\/div>\n\n\n\n<h2 class=\"has-black-color has-text-color wp-block-heading\" id=\"Projektpartner\">Project partners<\/h2>\n\n\n\n<p>The following partners are involved in the joint project GFK-Monitor with the management of individual subprojects resp. work packages. <\/p>\n\n\n\n<div class=\"wp-block-columns is-layout-flex wp-container-core-columns-is-layout-9d6595d7 wp-block-columns-is-layout-flex\">\n<div class=\"wp-block-column is-layout-flow wp-block-column-is-layout-flow\" style=\"flex-basis:66.66%\">\n<p><\/p>\n\n\n\n<p><strong>Georg-August-Universit\u00e4t G\u00f6ttingen - Geoscience Center of the University of G\u00f6ttingen - Dept. of Applied Geology:<\/strong> <em>Artificial tracers in large-scale interacting thermal water cycles. <\/em><\/p>\n\n\n\n<p><strong>SWM Services GmbH, M\u00fcnchen: <\/strong><em>Developments on system integrity in geothermal production.<\/em><\/p>\n\n\n\n<p><strong>Fraunhofer Research Institution for Energy Infrastructures and Geothermal Energy IEG, Bochum:<\/strong> <em>Monitoring of well integrity and electrical submersible pump using fiber optic technology<\/em><\/p>\n\n\n\n<p><strong>Helmholtz Centre Potsdam GFZ German Research Centre for Geosciences:<\/strong> <em>Spatially distributed fiber optic measurements <\/em><\/p>\n\n\n\n<p><strong><strong>Technical University Munich - Chair of Hydrogeology <\/strong><\/strong><em>Monitoring of reservoir interactions to improve operational safety<\/em><\/p>\n<\/div>\n\n\n\n<div class=\"wp-block-column is-layout-flow wp-block-column-is-layout-flow\" style=\"flex-basis:33.33%\">\n<figure class=\"wp-block-image size-full\"><img loading=\"lazy\" decoding=\"async\" width=\"340\" height=\"350\" src=\"https:\/\/gfk-monitor.de\/wp-content\/uploads\/2023\/03\/BMWK_Fz_2017_Web2x_de.gif\" alt=\"\" class=\"wp-image-305\"\/><\/figure>\n<\/div>\n<\/div>\n\n\n\n<h2 class=\"wp-block-heading\">Bibliography<\/h2>\n\n\n\n<ul class=\"wp-block-list\">\n<li>Agora, Fraunhofer IWES\/IBP (2017): W\u00e4rmewende 2030 &#8211; Schl\u00fcsseltechnologien zur Erreichung der mittel- und langfristigen Klimaschutzziele im Geb\u00e4udesektor. Studie im Auftrag von Agora Energiewende.<\/li>\n\n\n\n<li>R\u00f6dl Consulting AG (2019). Die W\u00e4rmezielscheibe \u2013 W\u00e4rmewende in Deutschland gestalten. (https:\/\/www.roedl.de\/de-de\/de\/wen-wir-beraten\/energiewirtschaft\/documents\/2019_w%C3%A4rme_konzeptpapier_web.pdf).<\/li>\n\n\n\n<li>Heumann, A. &amp; Huenges, E. (2017). Technologiebericht 1.2. In: Wuppertal Institut, ISI, IZES (Hrsg.): Technologien f\u00fcr die Energiewende. Teilbericht 2 an das Bundesministerium f\u00fcr Wirtschaft und Energie (BMWi), Wuppertal, Karlsruhe, Saarbr\u00fccken.<\/li>\n\n\n\n<li>UBA (2019). Emissionsbilanz erneuerbarer Energietr\u00e4ger, Bestimmung der vermiedenen Emissionen im Jahr 2018, Umweltbundesamt (UBA), Dessau-Ro\u00dflau, 158 S.<\/li>\n<\/ul>\n\n\n\n<p><\/p>","protected":false},"excerpt":{"rendered":"<p>Projektrahmen Zur Erreichung der vorgegebenen Klimaschutzziele ist in Deutschland eine starke Reduzierung der Treibhausgas (THG)-Emissionen notwendig. Ein gro\u00dfer Hebel zur Reduzierung besteht im Sektor der W\u00e4rmeversorgung, wobei den Fernw\u00e4rmenetzen eine bedeutende Rolle zugesprochen wird. Aktuelle Studien zeigen auf, dass die Transformation des W\u00e4rmemarkts hin zu einer klimaneutralen Versorgung insbesondere in Ballungsr\u00e4umen nur durch den Ausbau<\/p>\n<p class=\"more-link\"><a href=\"https:\/\/gfk-monitor.de\/en\/ueber-gfk-monitor\/\" class=\"themebutton\">Read More<\/a><\/p>","protected":false},"author":1,"featured_media":142,"parent":0,"menu_order":0,"comment_status":"closed","ping_status":"closed","template":"","meta":{"_mc_calendar":[],"footnotes":""},"class_list":["post-47","page","type-page","status-publish","has-post-thumbnail","hentry"],"_links":{"self":[{"href":"https:\/\/gfk-monitor.de\/en\/wp-json\/wp\/v2\/pages\/47","targetHints":{"allow":["GET"]}}],"collection":[{"href":"https:\/\/gfk-monitor.de\/en\/wp-json\/wp\/v2\/pages"}],"about":[{"href":"https:\/\/gfk-monitor.de\/en\/wp-json\/wp\/v2\/types\/page"}],"author":[{"embeddable":true,"href":"https:\/\/gfk-monitor.de\/en\/wp-json\/wp\/v2\/users\/1"}],"replies":[{"embeddable":true,"href":"https:\/\/gfk-monitor.de\/en\/wp-json\/wp\/v2\/comments?post=47"}],"version-history":[{"count":86,"href":"https:\/\/gfk-monitor.de\/en\/wp-json\/wp\/v2\/pages\/47\/revisions"}],"predecessor-version":[{"id":384,"href":"https:\/\/gfk-monitor.de\/en\/wp-json\/wp\/v2\/pages\/47\/revisions\/384"}],"wp:featuredmedia":[{"embeddable":true,"href":"https:\/\/gfk-monitor.de\/en\/wp-json\/wp\/v2\/media\/142"}],"wp:attachment":[{"href":"https:\/\/gfk-monitor.de\/en\/wp-json\/wp\/v2\/media?parent=47"}],"curies":[{"name":"wp","href":"https:\/\/api.w.org\/{rel}","templated":true}]}}