{"id":62,"date":"2023-02-16T15:02:13","date_gmt":"2023-02-16T14:02:13","guid":{"rendered":"https:\/\/gfk-monitor.de\/?page_id=62"},"modified":"2023-03-28T21:34:29","modified_gmt":"2023-03-28T19:34:29","slug":"datenschutz","status":"publish","type":"page","link":"https:\/\/gfk-monitor.de\/en\/datenschutz\/","title":{"rendered":"Data privacy"},"content":{"rendered":"<p>The responsible party within the meaning of data protection laws, in particular the EU General Data Protection Regulation (DSGVO), is:<\/p>\n\n\n\n<p>Technical University Munich<\/p>\n\n\n\n<h2 class=\"wp-block-heading\">Your data subject rights<\/h2>\n\n\n\n<p>You can exercise the following rights at any time using the contact details provided by our data protection officer:<\/p>\n\n\n\n<ul class=\"wp-block-list\">\n<li>Information about your data stored by us and its processing (Art. 15 DSGVO),<\/li>\n\n\n\n<li>Correction of inaccurate personal data (Art. 16 GDPR),<\/li>\n\n\n\n<li>Deletion of your data stored by us (Art. 17 DSGVO),<\/li>\n\n\n\n<li>Restriction of data processing if we are not yet allowed to delete your data due to legal obligations (Art. 18 DSGVO),<\/li>\n\n\n\n<li>object to the processing of your data by us (Art. 21 DSGVO) and<\/li>\n\n\n\n<li>Data portability, provided that you have consented to the data processing or have concluded a contract with us (Art. 20 DSGVO).<\/li>\n<\/ul>\n\n\n\n<p>If you have given us consent, you can revoke this at any time with effect for the future.<\/p>\n\n\n\n<p>You may at any time submit a complaint to a supervisory authority, e.g. the competent supervisory authority in the federal state of your residence or the authority responsible for us as the responsible body.<\/p>\n\n\n\n<p>A list of supervisory authorities (for the non-public sector) with address can be found at:<\/p>\n\n\n\n<p><a href=\"https:\/\/www.bfdi.bund.de\/DE\/Infothek\/Anschriften_Links\/anschriften_links-node.html\">https:\/\/www.bfdi.bund.de\/DE\/Infothek\/Anschriften_Links\/anschriften_links-node.html<\/a><\/p>\n\n\n\n<h2 class=\"wp-block-heading\"><a href=\"https:\/\/gfk-monitor.de\/en\/kontakt\/\">Contact form<\/a><\/h2>\n\n\n\n<h3 class=\"wp-block-heading\">Nature and purpose of the processing:<\/h3>\n\n\n\n<p>The data you enter will be stored for the purpose of individual communication with you. For this purpose, it is necessary to provide a valid e-mail address and your name. This serves the assignment of the request and the subsequent response to the same. The specification of further data is optional.<\/p>\n\n\n\n<h3 class=\"wp-block-heading\">Legal basis:<\/h3>\n\n\n\n<p>The processing of the data entered in the contact form is based on a legitimate interest (Art. 6 para. 1 lit. f DSGVO).<\/p>\n\n\n\n<p>By providing the contact form, we would like to enable you to contact us easily. The information you provide will be stored for the purpose of processing the request and for possible follow-up questions.<\/p>\n\n\n\n<p>If you contact us to request a quote, the data entered in the contact form will be processed to carry out pre-contractual measures (Art. 6 para. 1 lit. b DSGVO).<\/p>\n\n\n\n<h3 class=\"wp-block-heading\">Recipent:<\/h3>\n\n\n\n<p>Recipients of the data are, if applicable, order processors.<\/p>\n\n\n\n<h3 class=\"wp-block-heading\">Storage duration:<\/h3>\n\n\n\n<p>Data will be deleted no later than 6 months after processing the request.<\/p>\n\n\n\n<p>If a contractual relationship arises, we are subject to the statutory retention periods according to the German Commercial Code (HGB) and delete your data after these periods have expired.<\/p>\n\n\n\n<h3 class=\"wp-block-heading\">Provision prescribed or required:<\/h3>\n\n\n\n<p>The provision of your personal data is voluntary. However, we can only process your request if you provide us with your name, e-mail address and the reason for the request.<\/p>\n\n\n\n<h2 class=\"wp-block-heading\">SSL encryption<\/h2>\n\n\n\n<p>To protect the security of your data during transmission, we use state-of-the-art encryption methods (e.g. SSL) via HTTPS.<\/p>\n\n\n\n<hr class=\"wp-block-separator has-alpha-channel-opacity\"\/>\n\n\n\n<h2 class=\"wp-block-heading\">Information about your right to object according to Art. 21 DSGVO<\/h2>\n\n\n\n<h3 class=\"wp-block-heading\">Right to object on a case-by-case basis<\/h3>\n\n\n\n<p>You have the right to object at any time, on grounds relating to your particular situation, to the processing of personal data relating to you which is carried out on the basis of Art. 6(1)(f) DSGVO (data processing on the basis of a balance of interests); this also applies to profiling based on this provision within the meaning of Art. 4 No. 4 DSGVO.<\/p>\n\n\n\n<p>If you object, we will no longer process your personal data unless we can demonstrate compelling legitimate grounds for the processing which override your interests, rights and freedoms, or the processing serves the purpose of asserting, exercising or defending legal claims.<\/p>\n\n\n\n<h3 class=\"wp-block-heading\">Recipient of an opposition<\/h3>\n\n\n\n<p>Technical University Munich<br>Arcisstr. 21<br>80333 M\u00fcnchen<\/p>\n\n\n\n<hr class=\"wp-block-separator has-alpha-channel-opacity\"\/>\n\n\n\n<h2 class=\"wp-block-heading\">Change to our privacy policy<\/h2>\n\n\n\n<p>We reserve the right to adapt this data protection declaration so that it always complies with the current legal requirements or in order to implement changes to our services in the data protection declaration, e.g. when introducing new services. The new privacy policy will then apply to your next visit.<\/p>\n\n\n\n<h2 class=\"wp-block-heading\">Questions for the data protection officer<\/h2>\n\n\n\n<p>If you have any questions about data protection, please write us an e-mail or contact the person responsible for data protection in our organization directly:<\/p>\n\n\n\n<p>Technical University Munich<br>Arcisstr. 21<br>80333 M\u00fcnchen<\/p>","protected":false},"excerpt":{"rendered":"<p>Verantwortlicher im Sinne der Datenschutzgesetze, insbesondere der EU-Datenschutzgrundverordnung (DSGVO), ist: Technische Universit\u00e4t M\u00fcnchen Ihre Betroffenenrechte Unter den angegebenen Kontaktdaten unseres Datenschutzbeauftragten k\u00f6nnen Sie jederzeit folgende Rechte aus\u00fcben: Sofern Sie uns eine Einwilligung erteilt haben, k\u00f6nnen Sie diese jederzeit mit Wirkung f\u00fcr die Zukunft widerrufen. Sie k\u00f6nnen sich jederzeit mit einer Beschwerde an eine Aufsichtsbeh\u00f6rde wenden,<\/p>\n<p class=\"more-link\"><a href=\"https:\/\/gfk-monitor.de\/en\/datenschutz\/\" class=\"themebutton\">Read More<\/a><\/p>","protected":false},"author":1,"featured_media":0,"parent":0,"menu_order":0,"comment_status":"closed","ping_status":"closed","template":"","meta":{"_mc_calendar":[],"footnotes":""},"class_list":["post-62","page","type-page","status-publish","hentry"],"_links":{"self":[{"href":"https:\/\/gfk-monitor.de\/en\/wp-json\/wp\/v2\/pages\/62","targetHints":{"allow":["GET"]}}],"collection":[{"href":"https:\/\/gfk-monitor.de\/en\/wp-json\/wp\/v2\/pages"}],"about":[{"href":"https:\/\/gfk-monitor.de\/en\/wp-json\/wp\/v2\/types\/page"}],"author":[{"embeddable":true,"href":"https:\/\/gfk-monitor.de\/en\/wp-json\/wp\/v2\/users\/1"}],"replies":[{"embeddable":true,"href":"https:\/\/gfk-monitor.de\/en\/wp-json\/wp\/v2\/comments?post=62"}],"version-history":[{"count":5,"href":"https:\/\/gfk-monitor.de\/en\/wp-json\/wp\/v2\/pages\/62\/revisions"}],"predecessor-version":[{"id":455,"href":"https:\/\/gfk-monitor.de\/en\/wp-json\/wp\/v2\/pages\/62\/revisions\/455"}],"wp:attachment":[{"href":"https:\/\/gfk-monitor.de\/en\/wp-json\/wp\/v2\/media?parent=62"}],"curies":[{"name":"wp","href":"https:\/\/api.w.org\/{rel}","templated":true}]}}