{"id":99,"date":"2023-02-17T11:43:21","date_gmt":"2023-02-17T10:43:21","guid":{"rendered":"https:\/\/gfk-monitor.de\/home\/"},"modified":"2023-03-17T10:59:36","modified_gmt":"2023-03-17T09:59:36","slug":"home","status":"publish","type":"page","link":"https:\/\/gfk-monitor.de\/en\/","title":{"rendered":"Home"},"content":{"rendered":"<h1 class=\"wp-block-heading\">Welcome to the GFK-Monitor project!<\/h1>\n\n\n\n<p>As part of the GFK-Monitor project (fiber optic cable monitoring), a holistic monitoring system using fiber optics and tracer technology is being developed to improve the integrity of geothermal systems. The project's overall goal is to increase the production and operational reliability of geothermal systems and their efficiency, and to minimize or avoid potential environmental impacts from geothermal systems. To this end, the project will develop a comprehensive system integrity management concept for geothermal operations by using operational data, further developing innovative fiber optic cable (FOC) technology monitoring techniques, and integrating them into existing data infrastructure where possible, or developing concepts for integrating the innovative operational information for monitoring and operational optimization. The system integrity management should significantly support the operators of a geothermal plant in limiting technical and financial risks. This will enable sustainable and careful management of the reservoir to ensure economically and ecologically efficient use of deep geothermal energy. At the same time, the acceptance of the technology among the population will be further increased. The developed monitoring tools and integrative methods will also be applicable to other sites.<\/p>\n\n\n\n<div class=\"wp-block-media-text alignwide has-media-on-the-right is-stacked-on-mobile\" style=\"grid-template-columns:auto 15%\"><div class=\"wp-block-media-text__content\">\n<p class=\"has-text-align-left\">GFK-Monitor is funded by the German Federal Ministry of Economic Affairs and Climate Action via the Project Management J\u00fclich (PTJ) (funding code: 03EE4036A, project duration: July 1, 2022 - June 30, 2025, total budget: approx. 2.9 million euros).<\/p>\n<\/div><figure class=\"wp-block-media-text__media\"><img loading=\"lazy\" decoding=\"async\" width=\"340\" height=\"350\" src=\"https:\/\/gfk-monitor.de\/wp-content\/uploads\/2023\/03\/BMWK_Fz_2017_Web2x_de.gif\" alt=\"\" class=\"wp-image-305 size-full\"\/><\/figure><\/div>\n\n\n\n<p class=\"has-text-align-right has-black-color has-text-color\"><\/p>","protected":false},"excerpt":{"rendered":"<p>Willkommen beim GFK-Monitor Projekt Im Rahmen des GFK-Monitor-Projekts (Glasfaserkabel-Monitoring) wird ein ganzheitliches \u00dcberwachungssystem mit Hilfe von Glasfasertechnik und Tracer-Technologie entwickelt, um die Integrit\u00e4t geothermischer Systeme zu verbessern. Das Projekt hat als \u00fcbergeordnetes Ziel, die Produktions- und Betriebssicherheit von Geothermieanlagen und ihre Effizienz zu erh\u00f6hen sowie potentielle Umweltauswirkungen durch Geothermieanlagen zu minimieren bzw. zu vermeiden. Daf\u00fcr<\/p>\n<p class=\"more-link\"><a href=\"https:\/\/gfk-monitor.de\/en\/\" class=\"themebutton\">Read More<\/a><\/p>","protected":false},"author":1,"featured_media":0,"parent":0,"menu_order":0,"comment_status":"closed","ping_status":"closed","template":"","meta":{"_mc_calendar":[],"footnotes":""},"class_list":["post-99","page","type-page","status-publish","hentry"],"_links":{"self":[{"href":"https:\/\/gfk-monitor.de\/en\/wp-json\/wp\/v2\/pages\/99","targetHints":{"allow":["GET"]}}],"collection":[{"href":"https:\/\/gfk-monitor.de\/en\/wp-json\/wp\/v2\/pages"}],"about":[{"href":"https:\/\/gfk-monitor.de\/en\/wp-json\/wp\/v2\/types\/page"}],"author":[{"embeddable":true,"href":"https:\/\/gfk-monitor.de\/en\/wp-json\/wp\/v2\/users\/1"}],"replies":[{"embeddable":true,"href":"https:\/\/gfk-monitor.de\/en\/wp-json\/wp\/v2\/comments?post=99"}],"version-history":[{"count":21,"href":"https:\/\/gfk-monitor.de\/en\/wp-json\/wp\/v2\/pages\/99\/revisions"}],"predecessor-version":[{"id":446,"href":"https:\/\/gfk-monitor.de\/en\/wp-json\/wp\/v2\/pages\/99\/revisions\/446"}],"wp:attachment":[{"href":"https:\/\/gfk-monitor.de\/en\/wp-json\/wp\/v2\/media?parent=99"}],"curies":[{"name":"wp","href":"https:\/\/api.w.org\/{rel}","templated":true}]}}